{"id":394,"date":"2025-07-04T11:25:19","date_gmt":"2025-07-04T09:25:19","guid":{"rendered":"http:\/\/vintally.com\/origin-and-evolution\/"},"modified":"2025-10-14T11:45:02","modified_gmt":"2025-10-14T09:45:02","slug":"origin-and-evolution","status":"publish","type":"page","link":"https:\/\/vintally.com\/en\/origin-and-evolution\/","title":{"rendered":"Origin and Evolution"},"content":{"rendered":"\t\t<div data-elementor-type=\"wp-page\" data-elementor-id=\"394\" class=\"elementor elementor-394 elementor-18\" data-elementor-post-type=\"page\">\n\t\t\t\t<div class=\"elementor-element elementor-element-b11ee66 e-flex e-con-boxed e-con e-parent\" data-id=\"b11ee66\" data-element_type=\"container\" data-settings=\"{&quot;background_background&quot;:&quot;classic&quot;}\">\n\t\t\t\t\t<div class=\"e-con-inner\">\n\t\t<div class=\"elementor-element elementor-element-e3e6afb e-con-full e-flex e-con e-child\" data-id=\"e3e6afb\" data-element_type=\"container\">\n\t\t\t\t<div class=\"elementor-element elementor-element-df65231 elementor-view-default elementor-widget elementor-widget-icon\" data-id=\"df65231\" data-element_type=\"widget\" data-widget_type=\"icon.default\">\n\t\t\t\t<div class=\"elementor-widget-container\">\n\t\t\t\t\t\t\t<div class=\"elementor-icon-wrapper\">\n\t\t\t<div class=\"elementor-icon\">\n\t\t\t<svg xmlns=\"http:\/\/www.w3.org\/2000\/svg\" width=\"58\" height=\"58\" viewBox=\"0 0 58 58\"><g id=\"Grupo_26\" data-name=\"Grupo 26\" transform=\"translate(-1065 -1514)\"><circle id=\"Elipse_14\" data-name=\"Elipse 14\" cx=\"29\" cy=\"29\" r=\"29\" transform=\"translate(1065 1514)\" fill=\"#92c1e2\"><\/circle><g id=\"Grupo_14\" data-name=\"Grupo 14\" transform=\"translate(1110.947 1528.018) rotate(90)\"><path id=\"Trazado_4\" data-name=\"Trazado 4\" d=\"M6.051,29.928a6.335,6.335,0,0,1-3.16-.833A6.4,6.4,0,0,1,.149,25.961a1.933,1.933,0,1,1,3.568-1.487A2.572,2.572,0,0,0,4.81,25.739a3.276,3.276,0,0,0,4.3-1.6L17.929,8.708a3.843,3.843,0,0,0,.465-2.7A2.682,2.682,0,0,0,17.13,4.188a3.276,3.276,0,0,0-4.3,1.6L6.9,16.158A1.933,1.933,0,0,1,3.548,14.24L9.474,3.874C11.5.335,15.792-1.028,19.048.833a6.5,6.5,0,0,1,3.127,4.374,7.7,7.7,0,0,1-.89,5.42l-8.82,15.428a7.5,7.5,0,0,1-6.414,3.874\" transform=\"translate(0 22.336) rotate(-90)\" fill=\"#3955a2\"><\/path><path id=\"Trazado_5\" data-name=\"Trazado 5\" d=\"M8.943,21.922a1.932,1.932,0,0,1-1.658-.937L1.132,10.752C-.968,7.259-.061,2.845,3.153.912A6.5,6.5,0,0,1,8.5.318a7.7,7.7,0,0,1,4.295,3.423l1.87,3.11A1.933,1.933,0,0,1,11.35,8.843L9.48,5.733A3.846,3.846,0,0,0,7.351,4.009a2.684,2.684,0,0,0-2.207.215,3.277,3.277,0,0,0-.7,4.536L10.6,18.993a1.933,1.933,0,0,1-1.654,2.929\" transform=\"translate(0 33.931) rotate(-90)\" fill=\"#3955a2\"><\/path><\/g><\/g><\/svg>\t\t\t<\/div>\n\t\t<\/div>\n\t\t\t\t\t\t<\/div>\n\t\t\t\t<\/div>\n\t\t\t\t<div class=\"elementor-element elementor-element-9908334 elementor-widget elementor-widget-text-editor\" data-id=\"9908334\" data-element_type=\"widget\" data-widget_type=\"text-editor.default\">\n\t\t\t\t<div class=\"elementor-widget-container\">\n\t\t\t\t\t\t\t\t\t<p>Our Origin<\/p>\t\t\t\t\t\t\t\t<\/div>\n\t\t\t\t<\/div>\n\t\t\t\t<div class=\"elementor-element elementor-element-c5aec70 elementor-widget elementor-widget-text-editor\" data-id=\"c5aec70\" data-element_type=\"widget\" data-widget_type=\"text-editor.default\">\n\t\t\t\t<div class=\"elementor-widget-container\">\n\t\t\t\t\t\t\t\t\t<p>Vintally |From Project to University Spin-Off<\/p>\t\t\t\t\t\t\t\t<\/div>\n\t\t\t\t<\/div>\n\t\t\t\t<\/div>\n\t\t<div class=\"elementor-element elementor-element-5adc2ec e-con-full e-flex e-con e-child\" data-id=\"5adc2ec\" data-element_type=\"container\">\n\t\t\t\t<div class=\"elementor-element elementor-element-d81e230 elementor-widget-divider--view-line elementor-widget elementor-widget-divider\" data-id=\"d81e230\" data-element_type=\"widget\" data-widget_type=\"divider.default\">\n\t\t\t\t<div class=\"elementor-widget-container\">\n\t\t\t\t\t\t\t<div class=\"elementor-divider\">\n\t\t\t<span class=\"elementor-divider-separator\">\n\t\t\t\t\t\t<\/span>\n\t\t<\/div>\n\t\t\t\t\t\t<\/div>\n\t\t\t\t<\/div>\n\t\t\t\t<div class=\"elementor-element elementor-element-e6306c9 elementor-widget__width-initial elementor-widget elementor-widget-image\" data-id=\"e6306c9\" data-element_type=\"widget\" data-widget_type=\"image.default\">\n\t\t\t\t<div class=\"elementor-widget-container\">\n\t\t\t\t\t\t\t\t\t\t\t\t\t\t\t<img decoding=\"async\" width=\"1\" height=\"1\" src=\"https:\/\/vintally.com\/wp-content\/uploads\/2025\/07\/Icono_1.svg\" class=\"attachment-large size-large wp-image-336\" alt=\"Icono_1\" \/>\t\t\t\t\t\t\t\t\t\t\t\t\t\t\t<\/div>\n\t\t\t\t<\/div>\n\t\t\t\t<\/div>\n\t\t<div class=\"elementor-element elementor-element-1f49711 e-con-full e-flex e-con e-child\" data-id=\"1f49711\" data-element_type=\"container\">\n\t\t<div class=\"elementor-element elementor-element-b937541 e-con-full e-flex e-con e-child\" data-id=\"b937541\" data-element_type=\"container\">\n\t\t\t\t<div class=\"elementor-element elementor-element-bf401c3 elementor-widget elementor-widget-text-editor\" data-id=\"bf401c3\" data-element_type=\"widget\" data-widget_type=\"text-editor.default\">\n\t\t\t\t<div class=\"elementor-widget-container\">\n\t\t\t\t\t\t\t\t\t<p>The birth of <b>Vintally <\/b>was conceived within the <b>University of Seville<\/b>, emerging as a result of a large-scale research, <b>development and innovation (R&amp;D&amp;i) project<\/b>. This ambitious project was awarded in a competitive call by the <b>Junta de Andaluc\u00eda<\/b>, which underlines its relevance and the institutional support received since its inception.<\/p><p>The strength of this project lies in <b>multidisciplinary collaboration<\/b> and the convergence of talents. It had the active participation of the<b> University of Seville<\/b> itself, as well as <b>prestigious foreign universities<\/b>, which enriched the perspective and scope of the research. In addition,<b> teams of innovation experts and companies in the sector joined<\/b>, providing a valuable practical and market-oriented vision. This synergy between the academic and business spheres was crucial for the development of a robust and applicable solution.<\/p>\t\t\t\t\t\t\t\t<\/div>\n\t\t\t\t<\/div>\n\t\t\t\t<\/div>\n\t\t<div class=\"elementor-element elementor-element-d0b0f7a e-con-full e-flex e-con e-child\" data-id=\"d0b0f7a\" data-element_type=\"container\">\n\t\t\t\t<div class=\"elementor-element elementor-element-12d440f elementor-widget elementor-widget-text-editor\" data-id=\"12d440f\" data-element_type=\"widget\" data-widget_type=\"text-editor.default\">\n\t\t\t\t<div class=\"elementor-widget-container\">\n\t\t\t\t\t\t\t\t\t<p>The direction and coordination of this project was carried out by two key figures from the University of Seville: <b>Professor Do\u00f1a Mar\u00eda Jos\u00e9 Escalona<\/b>, \u200b\u200bdirector of <b>the Engineering and Science for Software Systems Research Group (TICO21)<\/b>, and <b>Professor Don Arturo Guti\u00e9rrez<\/b>, director of <b>the Planning and Economic Analysis Research Group (SEJ230)<\/b>. His leadership and experience were essential to guide the research and ensure the quality of the results obtained.<\/p>\t\t\t\t\t\t\t\t<\/div>\n\t\t\t\t<\/div>\n\t\t\t\t<div class=\"elementor-element elementor-element-507041d elementor-widget__width-initial elementor-widget elementor-widget-image\" data-id=\"507041d\" data-element_type=\"widget\" data-widget_type=\"image.default\">\n\t\t\t\t<div class=\"elementor-widget-container\">\n\t\t\t\t\t\t\t\t\t\t\t\t\t\t\t<img decoding=\"async\" width=\"208\" height=\"208\" src=\"https:\/\/vintally.com\/wp-content\/uploads\/2025\/07\/Logotipo_Universidad_Sevilla.webp\" class=\"attachment-large size-large wp-image-339\" alt=\"Logotipo_Universidad_Sevilla\" srcset=\"https:\/\/vintally.com\/wp-content\/uploads\/2025\/07\/Logotipo_Universidad_Sevilla.webp 208w, https:\/\/vintally.com\/wp-content\/uploads\/2025\/07\/Logotipo_Universidad_Sevilla-150x150.webp 150w\" sizes=\"(max-width: 208px) 100vw, 208px\" \/>\t\t\t\t\t\t\t\t\t\t\t\t\t\t\t<\/div>\n\t\t\t\t<\/div>\n\t\t\t\t<\/div>\n\t\t\t\t<\/div>\n\t\t\t\t\t<\/div>\n\t\t\t\t<\/div>\n\t\t<div class=\"elementor-element elementor-element-d6684eb e-flex e-con-boxed e-con e-parent\" data-id=\"d6684eb\" data-element_type=\"container\" data-settings=\"{&quot;background_background&quot;:&quot;classic&quot;}\">\n\t\t\t\t\t<div class=\"e-con-inner\">\n\t\t<div class=\"elementor-element elementor-element-17e2fa9 e-con-full e-flex e-con e-child\" data-id=\"17e2fa9\" data-element_type=\"container\">\n\t\t\t\t<div class=\"elementor-element elementor-element-04c6294 elementor-widget__width-initial elementor-widget elementor-widget-image\" data-id=\"04c6294\" data-element_type=\"widget\" data-widget_type=\"image.default\">\n\t\t\t\t<div class=\"elementor-widget-container\">\n\t\t\t\t\t\t\t\t\t\t\t\t\t\t\t<img decoding=\"async\" width=\"1\" height=\"1\" src=\"https:\/\/vintally.com\/wp-content\/uploads\/2025\/07\/Icono_2.svg\" class=\"attachment-large size-large wp-image-337\" alt=\"Icono_2\" \/>\t\t\t\t\t\t\t\t\t\t\t\t\t\t\t<\/div>\n\t\t\t\t<\/div>\n\t\t\t\t<div class=\"elementor-element elementor-element-09e1aa3 elementor-widget-divider--view-line elementor-widget elementor-widget-divider\" data-id=\"09e1aa3\" data-element_type=\"widget\" data-widget_type=\"divider.default\">\n\t\t\t\t<div class=\"elementor-widget-container\">\n\t\t\t\t\t\t\t<div class=\"elementor-divider\">\n\t\t\t<span class=\"elementor-divider-separator\">\n\t\t\t\t\t\t<\/span>\n\t\t<\/div>\n\t\t\t\t\t\t<\/div>\n\t\t\t\t<\/div>\n\t\t\t\t<\/div>\n\t\t<div class=\"elementor-element elementor-element-319b147 e-con-full e-flex e-con e-child\" data-id=\"319b147\" data-element_type=\"container\">\n\t\t<div class=\"elementor-element elementor-element-0c2e7e6 e-con-full e-flex e-con e-child\" data-id=\"0c2e7e6\" data-element_type=\"container\">\n\t\t\t\t<div class=\"elementor-element elementor-element-7474449 elementor-widget elementor-widget-text-editor\" data-id=\"7474449\" data-element_type=\"widget\" data-widget_type=\"text-editor.default\">\n\t\t\t\t<div class=\"elementor-widget-container\">\n\t\t\t\t\t\t\t\t\t<p>Currently, the project has transcended the research phase and is in a <b>formalization process to become a Spin-Off of the University of Seville<\/b>, which demonstrates its potential for knowledge transfer and its commitment to innovation. A dedicated team, made up of <b>participants from the original project, qualified professionals and entrepreneurs<\/b>, is actively working on the establishment of this new company, which will adopt the name <b>Vintally<\/b>. This transition from an R&amp;D project to an independent business entity is a significant milestone that will allow Vintally to bring its solutions to market and generate real impact.<\/p>\t\t\t\t\t\t\t\t<\/div>\n\t\t\t\t<\/div>\n\t\t\t\t<\/div>\n\t\t\t\t<\/div>\n\t\t\t\t\t<\/div>\n\t\t\t\t<\/div>\n\t\t<div class=\"elementor-element elementor-element-f03903b e-flex e-con-boxed e-con e-parent\" data-id=\"f03903b\" data-element_type=\"container\" data-settings=\"{&quot;background_background&quot;:&quot;classic&quot;}\">\n\t\t\t\t\t<div class=\"e-con-inner\">\n\t\t<div class=\"elementor-element elementor-element-2c3028a e-con-full e-flex e-con e-child\" data-id=\"2c3028a\" data-element_type=\"container\">\n\t\t\t\t<div class=\"elementor-element elementor-element-b6b45e1 elementor-widget__width-initial elementor-widget elementor-widget-image\" data-id=\"b6b45e1\" data-element_type=\"widget\" data-widget_type=\"image.default\">\n\t\t\t\t<div class=\"elementor-widget-container\">\n\t\t\t\t\t\t\t\t\t\t\t\t\t\t\t<img loading=\"lazy\" decoding=\"async\" width=\"1\" height=\"1\" src=\"https:\/\/vintally.com\/wp-content\/uploads\/2025\/07\/Icono_3.svg\" class=\"attachment-large size-large wp-image-338\" alt=\"Icono_3\" \/>\t\t\t\t\t\t\t\t\t\t\t\t\t\t\t<\/div>\n\t\t\t\t<\/div>\n\t\t\t\t<div class=\"elementor-element elementor-element-e427c4f elementor-widget-divider--view-line elementor-widget elementor-widget-divider\" data-id=\"e427c4f\" data-element_type=\"widget\" data-widget_type=\"divider.default\">\n\t\t\t\t<div class=\"elementor-widget-container\">\n\t\t\t\t\t\t\t<div class=\"elementor-divider\">\n\t\t\t<span class=\"elementor-divider-separator\">\n\t\t\t\t\t\t<\/span>\n\t\t<\/div>\n\t\t\t\t\t\t<\/div>\n\t\t\t\t<\/div>\n\t\t\t\t<\/div>\n\t\t<div class=\"elementor-element elementor-element-8e63e3b e-con-full e-flex e-con e-child\" data-id=\"8e63e3b\" data-element_type=\"container\">\n\t\t<div class=\"elementor-element elementor-element-568a907 e-con-full e-flex e-con e-child\" data-id=\"568a907\" data-element_type=\"container\">\n\t\t\t\t<div class=\"elementor-element elementor-element-902bd91 elementor-widget elementor-widget-text-editor\" data-id=\"902bd91\" data-element_type=\"widget\" data-widget_type=\"text-editor.default\">\n\t\t\t\t<div class=\"elementor-widget-container\">\n\t\t\t\t\t\t\t\t\t<p>Technological Innovation and Commitment to Privacy<\/p>\t\t\t\t\t\t\t\t<\/div>\n\t\t\t\t<\/div>\n\t\t\t\t<div class=\"elementor-element elementor-element-2b0337e elementor-widget elementor-widget-text-editor\" data-id=\"2b0337e\" data-element_type=\"widget\" data-widget_type=\"text-editor.default\">\n\t\t\t\t<div class=\"elementor-widget-container\">\n\t\t\t\t\t\t\t\t\t<p><b>Vintally<\/b> is driven by the knowledge and experience of <b>the Planning and Economic Analysis<\/b> and <b>Engineering and Science for Software Systems Research Groups<\/b> at the University of Seville. Its value proposition focuses on <b>the generation of advanced reports for measuring results<\/b>, integrating cutting-edge technologies that guarantee precision, security and optimization.<\/p><p> <\/p>\t\t\t\t\t\t\t\t<\/div>\n\t\t\t\t<\/div>\n\t\t\t\t<\/div>\n\t\t<div class=\"elementor-element elementor-element-9e67c1c e-con-full e-flex e-con e-child\" data-id=\"9e67c1c\" data-element_type=\"container\">\n\t\t\t\t<div class=\"elementor-element elementor-element-c0e8c8c elementor-widget elementor-widget-text-editor\" data-id=\"c0e8c8c\" data-element_type=\"widget\" data-widget_type=\"text-editor.default\">\n\t\t\t\t<div class=\"elementor-widget-container\">\n\t\t\t\t\t\t\t\t\t<p>To achieve this, Vintally relies on two fundamental technological pillars:<\/p>\t\t\t\t\t\t\t\t<\/div>\n\t\t\t\t<\/div>\n\t\t<div class=\"elementor-element elementor-element-5228acc e-con-full e-flex e-con e-child\" data-id=\"5228acc\" data-element_type=\"container\">\n\t\t\t\t<div class=\"elementor-element elementor-element-9f13707 elementor-view-default elementor-widget elementor-widget-icon\" data-id=\"9f13707\" data-element_type=\"widget\" data-widget_type=\"icon.default\">\n\t\t\t\t<div class=\"elementor-widget-container\">\n\t\t\t\t\t\t\t<div class=\"elementor-icon-wrapper\">\n\t\t\t<div class=\"elementor-icon\">\n\t\t\t<svg xmlns=\"http:\/\/www.w3.org\/2000\/svg\" width=\"19\" height=\"19\" viewBox=\"0 0 19 19\"><g id=\"Grupo_11\" data-name=\"Grupo 11\" transform=\"translate(-1024 -1310)\"><circle id=\"Elipse_13\" data-name=\"Elipse 13\" cx=\"9.5\" cy=\"9.5\" r=\"9.5\" transform=\"translate(1024 1310)\" fill=\"#92c1e2\"><\/circle><g id=\"arrow-down\" transform=\"translate(1028.371 1315.829)\"><g id=\"Grupo_1\" data-name=\"Grupo 1\" transform=\"translate(0 0)\"><path id=\"Trazado_3\" data-name=\"Trazado 3\" d=\"M52.842,108.748,56,111.634,62.869,104\" transform=\"translate(-52.842 -104)\" fill=\"none\" stroke=\"#3955a2\" stroke-linecap=\"round\" stroke-linejoin=\"round\" stroke-width=\"2\"><\/path><\/g><\/g><\/g><\/svg>\t\t\t<\/div>\n\t\t<\/div>\n\t\t\t\t\t\t<\/div>\n\t\t\t\t<\/div>\n\t\t\t\t<div class=\"elementor-element elementor-element-8816a48 elementor-widget elementor-widget-text-editor\" data-id=\"8816a48\" data-element_type=\"widget\" data-widget_type=\"text-editor.default\">\n\t\t\t\t<div class=\"elementor-widget-container\">\n\t\t\t\t\t\t\t\t\t<p><b>Blockchain to strengthen security<\/b>: The implementation of <b>Blockchain<\/b> technology ensures the immutability and integrity of data, reinforcing trust in the reports generated and providing an unprecedented level of security in the processing of information.<\/p>\t\t\t\t\t\t\t\t<\/div>\n\t\t\t\t<\/div>\n\t\t\t\t<\/div>\n\t\t<div class=\"elementor-element elementor-element-09459c9 e-con-full e-flex e-con e-child\" data-id=\"09459c9\" data-element_type=\"container\">\n\t\t\t\t<div class=\"elementor-element elementor-element-1afef2d elementor-view-default elementor-widget elementor-widget-icon\" data-id=\"1afef2d\" data-element_type=\"widget\" data-widget_type=\"icon.default\">\n\t\t\t\t<div class=\"elementor-widget-container\">\n\t\t\t\t\t\t\t<div class=\"elementor-icon-wrapper\">\n\t\t\t<div class=\"elementor-icon\">\n\t\t\t<svg xmlns=\"http:\/\/www.w3.org\/2000\/svg\" width=\"19\" height=\"19\" viewBox=\"0 0 19 19\"><g id=\"Grupo_11\" data-name=\"Grupo 11\" transform=\"translate(-1024 -1310)\"><circle id=\"Elipse_13\" data-name=\"Elipse 13\" cx=\"9.5\" cy=\"9.5\" r=\"9.5\" transform=\"translate(1024 1310)\" fill=\"#92c1e2\"><\/circle><g id=\"arrow-down\" transform=\"translate(1028.371 1315.829)\"><g id=\"Grupo_1\" data-name=\"Grupo 1\" transform=\"translate(0 0)\"><path id=\"Trazado_3\" data-name=\"Trazado 3\" d=\"M52.842,108.748,56,111.634,62.869,104\" transform=\"translate(-52.842 -104)\" fill=\"none\" stroke=\"#3955a2\" stroke-linecap=\"round\" stroke-linejoin=\"round\" stroke-width=\"2\"><\/path><\/g><\/g><\/g><\/svg>\t\t\t<\/div>\n\t\t<\/div>\n\t\t\t\t\t\t<\/div>\n\t\t\t\t<\/div>\n\t\t\t\t<div class=\"elementor-element elementor-element-32fc204 elementor-widget elementor-widget-text-editor\" data-id=\"32fc204\" data-element_type=\"widget\" data-widget_type=\"text-editor.default\">\n\t\t\t\t<div class=\"elementor-widget-container\">\n\t\t\t\t\t\t\t\t\t<p><b>Machine Learning to optimize results<\/b>: The intensive use of <b>Machine Learning <\/b>allows Vintally to process large volumes of data, identify complex patterns and predict trends. This translates into more accurate reports, process optimization and the ability to offer valuable insights for strategic decision making.<\/p>\t\t\t\t\t\t\t\t<\/div>\n\t\t\t\t<\/div>\n\t\t\t\t<\/div>\n\t\t\t\t<\/div>\n\t\t\t\t<\/div>\n\t\t<div class=\"elementor-element elementor-element-87f0bfb e-con-full e-flex e-con e-child\" data-id=\"87f0bfb\" data-element_type=\"container\">\n\t\t\t\t<div class=\"elementor-element elementor-element-719f22b elementor-widget-divider--view-line elementor-widget elementor-widget-divider\" data-id=\"719f22b\" data-element_type=\"widget\" data-widget_type=\"divider.default\">\n\t\t\t\t<div class=\"elementor-widget-container\">\n\t\t\t\t\t\t\t<div class=\"elementor-divider\">\n\t\t\t<span class=\"elementor-divider-separator\">\n\t\t\t\t\t\t<\/span>\n\t\t<\/div>\n\t\t\t\t\t\t<\/div>\n\t\t\t\t<\/div>\n\t\t\t\t<\/div>\n\t\t<div class=\"elementor-element elementor-element-239d092 e-con-full e-flex e-con e-child\" data-id=\"239d092\" data-element_type=\"container\">\n\t\t\t\t<div class=\"elementor-element elementor-element-fc0e291 elementor-widget__width-initial elementor-widget elementor-widget-text-editor\" data-id=\"fc0e291\" data-element_type=\"widget\" data-widget_type=\"text-editor.default\">\n\t\t\t\t<div class=\"elementor-widget-container\">\n\t\t\t\t\t\t\t\t\t<p>The platform rigorously complies with all current regulations regarding the processing and protection of personal data. This includes the implementation of the necessary security measures to guarantee the confidentiality and integrity of the databases owned by the company, thus ensuring an environment of maximum trust for its users.<\/p>\t\t\t\t\t\t\t\t<\/div>\n\t\t\t\t<\/div>\n\t\t\t\t<\/div>\n\t\t\t\t\t<\/div>\n\t\t\t\t<\/div>\n\t\t<div class=\"elementor-element elementor-element-cf943cd e-flex e-con-boxed e-con e-parent\" data-id=\"cf943cd\" data-element_type=\"container\" data-settings=\"{&quot;background_background&quot;:&quot;classic&quot;}\">\n\t\t\t\t\t<div class=\"e-con-inner\">\n\t\t\t\t<div class=\"elementor-element elementor-element-4646421 elementor-widget elementor-widget-spacer\" data-id=\"4646421\" data-element_type=\"widget\" data-widget_type=\"spacer.default\">\n\t\t\t\t<div class=\"elementor-widget-container\">\n\t\t\t\t\t\t\t<div class=\"elementor-spacer\">\n\t\t\t<div class=\"elementor-spacer-inner\"><\/div>\n\t\t<\/div>\n\t\t\t\t\t\t<\/div>\n\t\t\t\t<\/div>\n\t\t\t\t\t<\/div>\n\t\t\t\t<\/div>\n\t\t\t\t<\/div>\n\t\t","protected":false},"excerpt":{"rendered":"<p>Our Origin Vintally |From Project to University Spin-Off The birth of Vintally was conceived within the University of Seville, emerging as a result of a large-scale research, development and innovation (R&amp;D&amp;i) project. This ambitious project was awarded in a competitive call by the Junta de Andaluc\u00eda, which underlines its relevance and the institutional support received [&hellip;]<\/p>\n","protected":false},"author":1,"featured_media":0,"parent":0,"menu_order":0,"comment_status":"closed","ping_status":"closed","template":"","meta":{"footnotes":""},"class_list":["post-394","page","type-page","status-publish","hentry"],"_links":{"self":[{"href":"https:\/\/vintally.com\/en\/wp-json\/wp\/v2\/pages\/394","targetHints":{"allow":["GET"]}}],"collection":[{"href":"https:\/\/vintally.com\/en\/wp-json\/wp\/v2\/pages"}],"about":[{"href":"https:\/\/vintally.com\/en\/wp-json\/wp\/v2\/types\/page"}],"author":[{"embeddable":true,"href":"https:\/\/vintally.com\/en\/wp-json\/wp\/v2\/users\/1"}],"replies":[{"embeddable":true,"href":"https:\/\/vintally.com\/en\/wp-json\/wp\/v2\/comments?post=394"}],"version-history":[{"count":2,"href":"https:\/\/vintally.com\/en\/wp-json\/wp\/v2\/pages\/394\/revisions"}],"predecessor-version":[{"id":810,"href":"https:\/\/vintally.com\/en\/wp-json\/wp\/v2\/pages\/394\/revisions\/810"}],"wp:attachment":[{"href":"https:\/\/vintally.com\/en\/wp-json\/wp\/v2\/media?parent=394"}],"curies":[{"name":"wp","href":"https:\/\/api.w.org\/{rel}","templated":true}]}}